{"id":112,"date":"2025-10-21T14:59:14","date_gmt":"2025-10-21T14:59:14","guid":{"rendered":"https:\/\/drangelesesmeral.com\/?page_id=112"},"modified":"2025-10-30T19:33:03","modified_gmt":"2025-10-30T19:33:03","slug":"formulario-de-contacto-mastopexia","status":"publish","type":"page","link":"https:\/\/drangelesesmeral.com\/en\/formulario-de-contacto-mastopexia\/","title":{"rendered":"Formulario de Contacto"},"content":{"rendered":"<div data-elementor-type=\"wp-page\" data-elementor-id=\"112\" class=\"elementor elementor-112\" data-elementor-settings=\"{&quot;ha_cmc_init_switcher&quot;:&quot;no&quot;}\" data-elementor-post-type=\"page\">\n\t\t\t\t<div class=\"elementor-element elementor-element-2725a64e e-flex e-con-boxed e-con e-parent\" data-id=\"2725a64e\" data-element_type=\"container\" data-e-type=\"container\" data-settings=\"{&quot;background_background&quot;:&quot;classic&quot;,&quot;_ha_eqh_enable&quot;:false}\">\n\t\t\t\t\t<div class=\"e-con-inner\">\n\t\t\t\t<div class=\"elementor-element elementor-element-64ad07fa animated-slow elementor-invisible elementor-widget elementor-widget-heading\" data-id=\"64ad07fa\" data-element_type=\"widget\" data-e-type=\"widget\" data-settings=\"{&quot;_animation&quot;:&quot;swing&quot;}\" data-widget_type=\"heading.default\">\n\t\t\t\t\t<h2 class=\"elementor-heading-title elementor-size-default\">\ud83d\udcc5 Schedule your evaluation appointment with Dr. \u00c1ngeles Esmeral\n<\/h2>\t\t\t\t<\/div>\n\t\t\t\t\t<\/div>\n\t\t\t\t<\/div>\n\t\t<div class=\"elementor-element elementor-element-7044a6be e-flex e-con-boxed e-con e-parent\" data-id=\"7044a6be\" data-element_type=\"container\" data-e-type=\"container\" data-settings=\"{&quot;background_background&quot;:&quot;classic&quot;,&quot;_ha_eqh_enable&quot;:false}\">\n\t\t\t\t\t<div class=\"e-con-inner\">\n\t\t\t\t<div class=\"elementor-element elementor-element-2519ea5f elementor-widget elementor-widget-text-editor\" data-id=\"2519ea5f\" data-element_type=\"widget\" data-e-type=\"widget\" data-widget_type=\"text-editor.default\">\n\t\t\t\t\t\t\t\t\t<p>\ud83d\udcb0 Cost of an appointment with Dr. \u00c1ngeles Esmeral: $64 dollars or 250,000 Colombian pesos<br data-start=\"3692\" data-end=\"3695\" \/>\ud83c\udf10 Types of evaluation: in person, video call (with the doctor) or photo evaluation (WhatsApp)<br data-start=\"3718\" data-end=\"3721\" \/>\ud83d\udd52 Duration: 30 minutes<\/p>\t\t\t\t\t\t\t\t<\/div>\n\t\t\t\t\t<\/div>\n\t\t\t\t<\/div>\n\t\t<div class=\"elementor-element elementor-element-f7e9dd9 e-flex e-con-boxed e-con e-parent\" data-id=\"f7e9dd9\" data-element_type=\"container\" data-e-type=\"container\" data-settings=\"{&quot;background_background&quot;:&quot;classic&quot;,&quot;_ha_eqh_enable&quot;:false}\">\n\t\t\t\t\t<div class=\"e-con-inner\">\n\t\t\t\t<div class=\"elementor-element elementor-element-2c23093 elementor-widget-tablet__width-initial elementor-button-align-stretch elementor-widget elementor-widget-form\" data-id=\"2c23093\" data-element_type=\"widget\" data-e-type=\"widget\" data-settings=\"{&quot;step_next_label&quot;:&quot;Siguiente&quot;,&quot;step_previous_label&quot;:&quot;Atr\\u00e1s&quot;,&quot;button_width&quot;:&quot;100&quot;,&quot;step_type&quot;:&quot;number_text&quot;,&quot;step_icon_shape&quot;:&quot;circle&quot;}\" data-widget_type=\"form.default\">\n\t\t\t\t\t\t\t<form class=\"elementor-form\" method=\"post\" name=\"New Form\" aria-label=\"New Form\" action=\"\">\n\t\t\t<input type=\"hidden\" name=\"post_id\" value=\"112\"\/>\n\t\t\t<input type=\"hidden\" name=\"form_id\" value=\"2c23093\"\/>\n\t\t\t<input type=\"hidden\" name=\"referer_title\" value=\"Formulario de Contacto\" \/>\n\n\t\t\t\t\t\t\t<input type=\"hidden\" name=\"queried_id\" value=\"112\"\/>\n\t\t\t\n\t\t\t<div class=\"elementor-form-fields-wrapper elementor-labels-above\">\n\t\t\t\t\t\t\t\t<div class=\"elementor-field-type-step elementor-field-group elementor-column elementor-field-group-field_8ad70b8 elementor-col-100\">\n\t\t\t\t\t\t\t<div class=\"e-field-step elementor-hidden\" data-label=\"Informaci\u00f3n Personal\" data-previousbutton=\"\" data-nextbutton=\"\" data-iconurl=\"\" data-iconlibrary=\"fas fa-star\" data-icon=\"&lt;svg class=&quot;e-font-icon-svg e-fas-star&quot; viewBox=&quot;0 0 576 512&quot; xmlns=&quot;http:\/\/www.w3.org\/2000\/svg&quot;&gt;&lt;path d=&quot;M259.3 17.8L194 150.2 47.9 171.5c-26.2 3.8-36.7 36.1-17.7 54.6l105.7 103-25 145.5c-4.5 26.3 23.2 46 46.4 33.7L288 439.6l130.7 68.7c23.2 12.2 50.9-7.4 46.4-33.7l-25-145.5 105.7-103c19-18.5 8.5-50.8-17.7-54.6L382 150.2 316.7 17.8c-11.7-23.6-45.6-23.9-57.4 0z&quot;&gt;&lt;\/path&gt;&lt;\/svg&gt;\" ><\/div>\n\n\t\t\t\t\t\t<\/div>\n\t\t\t\t\t\t\t\t<div class=\"elementor-field-type-text elementor-field-group elementor-column elementor-field-group-name elementor-col-100 elementor-field-required\">\n\t\t\t\t\t\t\t\t\t\t\t\t<label for=\"form-field-name\" class=\"elementor-field-label\">\n\t\t\t\t\t\t\t\tName and Surname\t\t\t\t\t\t\t<\/label>\n\t\t\t\t\t\t\t\t\t\t\t\t\t\t<input size=\"1\" type=\"text\" name=\"form_fields[name]\" id=\"form-field-name\" class=\"elementor-field elementor-size-sm  elementor-field-textual\" required=\"required\">\n\t\t\t\t\t\t\t\t\t\t\t<\/div>\n\t\t\t\t\t\t\t\t<div class=\"elementor-field-type-number elementor-field-group elementor-column elementor-field-group-message elementor-col-100 elementor-field-required\">\n\t\t\t\t\t\t\t\t\t\t\t\t<label for=\"form-field-message\" class=\"elementor-field-label\">\n\t\t\t\t\t\t\t\tTelephone or WhatsApp\t\t\t\t\t\t\t<\/label>\n\t\t\t\t\t\t\t\t\t<input type=\"number\" name=\"form_fields[message]\" id=\"form-field-message\" class=\"elementor-field elementor-size-sm  elementor-field-textual\" placeholder=\"With country code\" required=\"required\" min=\"\" max=\"\" >\n\t\t\t\t\t\t<\/div>\n\t\t\t\t\t\t\t\t<div class=\"elementor-field-type-email elementor-field-group elementor-column elementor-field-group-email elementor-col-100 elementor-field-required\">\n\t\t\t\t\t\t\t\t\t\t\t\t<label for=\"form-field-email\" class=\"elementor-field-label\">\n\t\t\t\t\t\t\t\tEmail\t\t\t\t\t\t\t<\/label>\n\t\t\t\t\t\t\t\t\t\t\t\t\t\t<input size=\"1\" type=\"email\" name=\"form_fields[email]\" id=\"form-field-email\" class=\"elementor-field elementor-size-sm  elementor-field-textual\" required=\"required\">\n\t\t\t\t\t\t\t\t\t\t\t<\/div>\n\t\t\t\t\t\t\t\t<div class=\"elementor-field-type-text elementor-field-group elementor-column elementor-field-group-field_27d7641 elementor-col-100 elementor-field-required\">\n\t\t\t\t\t\t\t\t\t\t\t\t<label for=\"form-field-field_27d7641\" class=\"elementor-field-label\">\n\t\t\t\t\t\t\t\t\u00bfDe d\u00f3nde nos escribes? (Ind\u00edcanos tu Pa\u00eds y Ciudad)\t\t\t\t\t\t\t<\/label>\n\t\t\t\t\t\t\t\t\t\t\t\t\t\t<input size=\"1\" type=\"text\" name=\"form_fields[field_27d7641]\" id=\"form-field-field_27d7641\" class=\"elementor-field elementor-size-sm  elementor-field-textual\" required=\"required\">\n\t\t\t\t\t\t\t\t\t\t\t<\/div>\n\t\t\t\t\t\t\t\t<div class=\"elementor-field-type-number elementor-field-group elementor-column elementor-field-group-field_6b13a75 elementor-col-100 elementor-field-required\">\n\t\t\t\t\t\t\t\t\t\t\t\t<label for=\"form-field-field_6b13a75\" class=\"elementor-field-label\">\n\t\t\t\t\t\t\t\tPlease repeat your number to make sure it's correct \ud83d\ude42\t\t\t\t\t\t\t<\/label>\n\t\t\t\t\t\t\t\t\t<input type=\"number\" name=\"form_fields[field_6b13a75]\" id=\"form-field-field_6b13a75\" class=\"elementor-field elementor-size-sm  elementor-field-textual\" placeholder=\"With country code\" required=\"required\" min=\"\" max=\"\" >\n\t\t\t\t\t\t<\/div>\n\t\t\t\t\t\t\t\t<div class=\"elementor-field-type-step elementor-field-group elementor-column elementor-field-group-field_aeddf6e elementor-col-100\">\n\t\t\t\t\t\t\t<div class=\"e-field-step elementor-hidden\" data-label=\"Informaci\u00f3n M\u00e9dica\" data-previousbutton=\"\" data-nextbutton=\"\" data-iconurl=\"\" data-iconlibrary=\"fas fa-star\" data-icon=\"&lt;svg class=&quot;e-font-icon-svg e-fas-star&quot; viewBox=&quot;0 0 576 512&quot; xmlns=&quot;http:\/\/www.w3.org\/2000\/svg&quot;&gt;&lt;path d=&quot;M259.3 17.8L194 150.2 47.9 171.5c-26.2 3.8-36.7 36.1-17.7 54.6l105.7 103-25 145.5c-4.5 26.3 23.2 46 46.4 33.7L288 439.6l130.7 68.7c23.2 12.2 50.9-7.4 46.4-33.7l-25-145.5 105.7-103c19-18.5 8.5-50.8-17.7-54.6L382 150.2 316.7 17.8c-11.7-23.6-45.6-23.9-57.4 0z&quot;&gt;&lt;\/path&gt;&lt;\/svg&gt;\" ><\/div>\n\n\t\t\t\t\t\t<\/div>\n\t\t\t\t\t\t\t\t<div class=\"elementor-field-type-text elementor-field-group elementor-column elementor-field-group-field_54393af elementor-col-100 elementor-field-required\">\n\t\t\t\t\t\t\t\t\t\t\t\t<label for=\"form-field-field_54393af\" class=\"elementor-field-label\">\n\t\t\t\t\t\t\t\tWhat procedures are you interested in? What body parts do you want to improve?\t\t\t\t\t\t\t<\/label>\n\t\t\t\t\t\t\t\t\t\t\t\t\t\t<input size=\"1\" type=\"text\" name=\"form_fields[field_54393af]\" id=\"form-field-field_54393af\" class=\"elementor-field elementor-size-sm  elementor-field-textual\" required=\"required\">\n\t\t\t\t\t\t\t\t\t\t\t<\/div>\n\t\t\t\t\t\t\t\t<div class=\"elementor-field-type-radio elementor-field-group elementor-column elementor-field-group-field_aebfb44 elementor-col-100 elementor-field-required\">\n\t\t\t\t\t\t\t\t\t\t\t\t<label for=\"form-field-field_aebfb44\" class=\"elementor-field-label\">\n\t\t\t\t\t\t\t\tWhen would you like to have surgery?\t\t\t\t\t\t\t<\/label>\n\t\t\t\t\t\t<div class=\"elementor-field-subgroup\"><span class=\"elementor-field-option\"><input type=\"radio\" value=\"Lo m\u00e1s pronto posible\" id=\"form-field-field_aebfb44-0\" name=\"form_fields[field_aebfb44]\" required=\"required\"> <label for=\"form-field-field_aebfb44-0\">As soon as possible<\/label><\/span><span class=\"elementor-field-option\"><input type=\"radio\" value=\"Dentro de 1 mes\" id=\"form-field-field_aebfb44-1\" name=\"form_fields[field_aebfb44]\" required=\"required\"> <label for=\"form-field-field_aebfb44-1\">Within 1 month<\/label><\/span><span class=\"elementor-field-option\"><input type=\"radio\" value=\"M\u00e1s de 2 meses\" id=\"form-field-field_aebfb44-2\" name=\"form_fields[field_aebfb44]\" required=\"required\"> <label for=\"form-field-field_aebfb44-2\">More than 2 months<\/label><\/span><\/div>\t\t\t\t<\/div>\n\t\t\t\t\t\t\t\t<div class=\"elementor-field-type-text elementor-field-group elementor-column elementor-field-group-field_af01486 elementor-col-100 elementor-field-required\">\n\t\t\t\t\t\t\t\t\t\t\t\t<label for=\"form-field-field_af01486\" class=\"elementor-field-label\">\n\t\t\t\t\t\t\t\tHave you already had an in-person evaluation with another doctor? Or did you only get a quote online?\t\t\t\t\t\t\t<\/label>\n\t\t\t\t\t\t\t\t\t\t\t\t\t\t<input size=\"1\" type=\"text\" name=\"form_fields[field_af01486]\" id=\"form-field-field_af01486\" class=\"elementor-field elementor-size-sm  elementor-field-textual\" required=\"required\">\n\t\t\t\t\t\t\t\t\t\t\t<\/div>\n\t\t\t\t\t\t\t\t<div class=\"elementor-field-type-text elementor-field-group elementor-column elementor-field-group-field_aa3d1a8 elementor-col-100 elementor-field-required\">\n\t\t\t\t\t\t\t\t\t\t\t\t<label for=\"form-field-field_aa3d1a8\" class=\"elementor-field-label\">\n\t\t\t\t\t\t\t\tHave you had any previous procedures? (Please indicate if so)\t\t\t\t\t\t\t<\/label>\n\t\t\t\t\t\t\t\t\t\t\t\t\t\t<input size=\"1\" type=\"text\" name=\"form_fields[field_aa3d1a8]\" id=\"form-field-field_aa3d1a8\" class=\"elementor-field elementor-size-sm  elementor-field-textual\" required=\"required\">\n\t\t\t\t\t\t\t\t\t\t\t<\/div>\n\t\t\t\t\t\t\t\t<div class=\"elementor-field-type-step elementor-field-group elementor-column elementor-field-group-field_fe18345 elementor-col-100\">\n\t\t\t\t\t\t\t<div class=\"e-field-step elementor-hidden\" data-label=\"Evaluaci\u00f3n y Presupuestos\" data-previousbutton=\"\" data-nextbutton=\"\" data-iconurl=\"\" data-iconlibrary=\"fas fa-star\" data-icon=\"&lt;svg class=&quot;e-font-icon-svg e-fas-star&quot; viewBox=&quot;0 0 576 512&quot; xmlns=&quot;http:\/\/www.w3.org\/2000\/svg&quot;&gt;&lt;path d=&quot;M259.3 17.8L194 150.2 47.9 171.5c-26.2 3.8-36.7 36.1-17.7 54.6l105.7 103-25 145.5c-4.5 26.3 23.2 46 46.4 33.7L288 439.6l130.7 68.7c23.2 12.2 50.9-7.4 46.4-33.7l-25-145.5 105.7-103c19-18.5 8.5-50.8-17.7-54.6L382 150.2 316.7 17.8c-11.7-23.6-45.6-23.9-57.4 0z&quot;&gt;&lt;\/path&gt;&lt;\/svg&gt;\" ><\/div>\n\n\t\t\t\t\t\t<\/div>\n\t\t\t\t\t\t\t\t<div class=\"elementor-field-type-radio elementor-field-group elementor-column elementor-field-group-field_ad63862 elementor-col-100 elementor-field-required\">\n\t\t\t\t\t\t\t\t\t\t\t\t<label for=\"form-field-field_ad63862\" class=\"elementor-field-label\">\n\t\t\t\t\t\t\t\tWhat type of evaluation would you like to receive?\t\t\t\t\t\t\t<\/label>\n\t\t\t\t\t\t<div class=\"elementor-field-subgroup\"><span class=\"elementor-field-option\"><input type=\"radio\" value=\"Cita presencial con la Dra. \u00c1ngeles Esmeral ($64 USD o 250.000 pesos colombianos)\" id=\"form-field-field_ad63862-0\" name=\"form_fields[field_ad63862]\" required=\"required\"> <label for=\"form-field-field_ad63862-0\">In-person appointment with Dr. \u00c1ngeles Esmeral ($64 USD or 250,000 Colombian pesos)<\/label><\/span><span class=\"elementor-field-option\"><input type=\"radio\" value=\"Cita Virtual con la Dra. \u00c1ngeles Esmeral ($64 USD o 250.000 pesos colombianos)\" id=\"form-field-field_ad63862-1\" name=\"form_fields[field_ad63862]\" required=\"required\"> <label for=\"form-field-field_ad63862-1\">Virtual Appointment with Dr. \u00c1ngeles Esmeral ($64 USD or 250,000 Colombian pesos)<\/label><\/span><span class=\"elementor-field-option\"><input type=\"radio\" value=\"Evaluaci\u00f3n por fotos por WhatsApp\" id=\"form-field-field_ad63862-2\" name=\"form_fields[field_ad63862]\" required=\"required\"> <label for=\"form-field-field_ad63862-2\">Evaluaci\u00f3n por fotos por WhatsApp<\/label><\/span><\/div>\t\t\t\t<\/div>\n\t\t\t\t\t\t\t\t<div class=\"elementor-field-type-radio elementor-field-group elementor-column elementor-field-group-field_aed1eab elementor-col-100 elementor-field-required\">\n\t\t\t\t\t\t\t\t\t\t\t\t<label for=\"form-field-field_aed1eab\" class=\"elementor-field-label\">\n\t\t\t\t\t\t\t\tEstimated budget you have to invest for the procedure:\t\t\t\t\t\t\t<\/label>\n\t\t\t\t\t\t<div class=\"elementor-field-subgroup\"><span class=\"elementor-field-option\"><input type=\"radio\" value=\"6000 a 7000 d\u00f3lares\" id=\"form-field-field_aed1eab-0\" name=\"form_fields[field_aed1eab]\" required=\"required\"> <label for=\"form-field-field_aed1eab-0\">6000 a 7000 d\u00f3lares<\/label><\/span><span class=\"elementor-field-option\"><input type=\"radio\" value=\"7000 a 9000 d\u00f3lares\" id=\"form-field-field_aed1eab-1\" name=\"form_fields[field_aed1eab]\" required=\"required\"> <label for=\"form-field-field_aed1eab-1\">$7,000 to $9,000 dollars<\/label><\/span><span class=\"elementor-field-option\"><input type=\"radio\" value=\"M\u00e1s de 9000 d\u00f3lares\" id=\"form-field-field_aed1eab-2\" name=\"form_fields[field_aed1eab]\" required=\"required\"> <label for=\"form-field-field_aed1eab-2\">More than $9,000 dollars<\/label><\/span><\/div>\t\t\t\t<\/div>\n\t\t\t\t\t\t\t\t<div class=\"elementor-field-type-radio elementor-field-group elementor-column elementor-field-group-field_b84eae7 elementor-col-100 elementor-field-required\">\n\t\t\t\t\t\t\t\t\t\t\t\t<label for=\"form-field-field_b84eae7\" class=\"elementor-field-label\">\n\t\t\t\t\t\t\t\tDo you have the money to invest in your surgery?\t\t\t\t\t\t\t<\/label>\n\t\t\t\t\t\t<div class=\"elementor-field-subgroup\"><span class=\"elementor-field-option\"><input type=\"radio\" value=\"Si\" id=\"form-field-field_b84eae7-0\" name=\"form_fields[field_b84eae7]\" required=\"required\"> <label for=\"form-field-field_b84eae7-0\">Yes<\/label><\/span><span class=\"elementor-field-option\"><input type=\"radio\" value=\"No\" id=\"form-field-field_b84eae7-1\" name=\"form_fields[field_b84eae7]\" required=\"required\"> <label for=\"form-field-field_b84eae7-1\">No<\/label><\/span><\/div>\t\t\t\t<\/div>\n\t\t\t\t\t\t\t\t<div class=\"elementor-field-type-text elementor-field-group elementor-column elementor-field-group-field_1fc0383 elementor-col-100 elementor-field-required\">\n\t\t\t\t\t\t\t\t\t\t\t\t<label for=\"form-field-field_1fc0383\" class=\"elementor-field-label\">\n\t\t\t\t\t\t\t\tApproximately how much money do you have in dollars (USD)?\t\t\t\t\t\t\t<\/label>\n\t\t\t\t\t\t\t\t\t\t\t\t\t\t<input size=\"1\" type=\"text\" name=\"form_fields[field_1fc0383]\" id=\"form-field-field_1fc0383\" class=\"elementor-field elementor-size-sm  elementor-field-textual\" required=\"required\">\n\t\t\t\t\t\t\t\t\t\t\t<\/div>\n\t\t\t\t\t\t\t\t<div class=\"elementor-field-type-radio elementor-field-group elementor-column elementor-field-group-field_f3848a0 elementor-col-100\">\n\t\t\t\t\t\t\t\t\t\t\t\t<label for=\"form-field-field_f3848a0\" class=\"elementor-field-label\">\n\t\t\t\t\t\t\t\tWe work with financial institutions that can help you with your surgery (only for Colombians). Are you willing to finance your surgery with them?\t\t\t\t\t\t\t<\/label>\n\t\t\t\t\t\t<div class=\"elementor-field-subgroup\"><span class=\"elementor-field-option\"><input type=\"radio\" value=\"Si\" id=\"form-field-field_f3848a0-0\" name=\"form_fields[field_f3848a0]\"> <label for=\"form-field-field_f3848a0-0\">Yes<\/label><\/span><span class=\"elementor-field-option\"><input type=\"radio\" value=\"No, tengo el dinero\" id=\"form-field-field_f3848a0-1\" name=\"form_fields[field_f3848a0]\"> <label for=\"form-field-field_f3848a0-1\">No, I have the money<\/label><\/span><span class=\"elementor-field-option\"><input type=\"radio\" value=\"Si tengo el dinero, pero me interesa saber para ayudarme\" id=\"form-field-field_f3848a0-2\" name=\"form_fields[field_f3848a0]\"> <label for=\"form-field-field_f3848a0-2\">Yes, I have the money, but I am interested in knowing how to help me.<\/label><\/span><span class=\"elementor-field-option\"><input type=\"radio\" value=\"No, soy extranjera.\" id=\"form-field-field_f3848a0-3\" name=\"form_fields[field_f3848a0]\"> <label for=\"form-field-field_f3848a0-3\">No, I am a foreigner.<\/label><\/span><span class=\"elementor-field-option\"><input type=\"radio\" value=\"No, I am foreign.\" id=\"form-field-field_f3848a0-4\" name=\"form_fields[field_f3848a0]\"> <label for=\"form-field-field_f3848a0-4\">No, I am foreign.<\/label><\/span><\/div>\t\t\t\t<\/div>\n\t\t\t\t\t\t\t\t<div class=\"elementor-field-group elementor-column elementor-field-type-submit elementor-col-100 e-form__buttons\">\n\t\t\t\t\t<button class=\"elementor-button elementor-size-sm\" type=\"submit\">\n\t\t\t\t\t\t<span class=\"elementor-button-content-wrapper\">\n\t\t\t\t\t\t\t\t\t\t\t\t\t\t\t\t\t\t\t\t\t\t<span class=\"elementor-button-text\">Send<\/span>\n\t\t\t\t\t\t\t\t\t\t\t\t\t<\/span>\n\t\t\t\t\t<\/button>\n\t\t\t\t<\/div>\n\t\t\t<\/div>\n\t\t<input type=\"hidden\" name=\"trp-form-language\" value=\"en\"\/><\/form>\n\t\t\t\t\t\t<\/div>\n\t\t\t\t\t<\/div>\n\t\t\t\t<\/div>\n\t\t<div class=\"elementor-element elementor-element-457b7291 e-flex e-con-boxed e-con e-parent\" data-id=\"457b7291\" data-element_type=\"container\" data-e-type=\"container\" data-settings=\"{&quot;background_background&quot;:&quot;classic&quot;,&quot;_ha_eqh_enable&quot;:false}\">\n\t\t\t\t\t<div class=\"e-con-inner\">\n\t\t\t\t<div class=\"elementor-element elementor-element-1bed9c1e elementor-widget elementor-widget-heading\" data-id=\"1bed9c1e\" data-element_type=\"widget\" data-e-type=\"widget\" data-widget_type=\"heading.default\">\n\t\t\t\t\t<h2 class=\"elementor-heading-title elementor-size-default\">Please<\/h2>\t\t\t\t<\/div>\n\t\t\t\t<div class=\"elementor-element elementor-element-3b0d1f07 animated-slow elementor-invisible elementor-widget elementor-widget-heading\" data-id=\"3b0d1f07\" data-element_type=\"widget\" data-e-type=\"widget\" data-settings=\"{&quot;_animation&quot;:&quot;lightSpeedIn&quot;}\" data-widget_type=\"heading.default\">\n\t\t\t\t\t<h2 class=\"elementor-heading-title elementor-size-default\">Complete<\/h2>\t\t\t\t<\/div>\n\t\t\t\t<div class=\"elementor-element elementor-element-69bd03c8 elementor-widget elementor-widget-heading\" data-id=\"69bd03c8\" data-element_type=\"widget\" data-e-type=\"widget\" data-widget_type=\"heading.default\">\n\t\t\t\t\t<h2 class=\"elementor-heading-title elementor-size-default\">The Contact<\/h2>\t\t\t\t<\/div>\n\t\t\t\t<div class=\"elementor-element elementor-element-1111aa8f elementor-widget elementor-widget-heading\" data-id=\"1111aa8f\" data-element_type=\"widget\" data-e-type=\"widget\" data-widget_type=\"heading.default\">\n\t\t\t\t\t<h2 class=\"elementor-heading-title elementor-size-default\">Form<\/h2>\t\t\t\t<\/div>\n\t\t\t\t\t<\/div>\n\t\t\t\t<\/div>\n\t\t<div class=\"elementor-element elementor-element-72f82402 e-flex e-con-boxed e-con e-parent\" data-id=\"72f82402\" data-element_type=\"container\" data-e-type=\"container\" data-settings=\"{&quot;background_background&quot;:&quot;classic&quot;,&quot;_ha_eqh_enable&quot;:false}\">\n\t\t\t\t\t<div class=\"e-con-inner\">\n\t\t\t\t<div class=\"elementor-element elementor-element-22717246 elementor-widget-divider--view-line elementor-widget elementor-widget-divider\" data-id=\"22717246\" data-element_type=\"widget\" data-e-type=\"widget\" data-widget_type=\"divider.default\">\n\t\t\t\t\t\t\t<div class=\"elementor-divider\">\n\t\t\t<span class=\"elementor-divider-separator\">\n\t\t\t\t\t\t<\/span>\n\t\t<\/div>\n\t\t\t\t\t\t<\/div>\n\t\t\t\t\t<\/div>\n\t\t\t\t<\/div>\n\t\t<div class=\"elementor-element elementor-element-506810e8 e-flex e-con-boxed e-con e-parent\" data-id=\"506810e8\" data-element_type=\"container\" data-e-type=\"container\" data-settings=\"{&quot;background_background&quot;:&quot;classic&quot;,&quot;_ha_eqh_enable&quot;:false}\">\n\t\t\t\t\t<div class=\"e-con-inner\">\n\t\t\t\t<div class=\"elementor-element elementor-element-2d4b3589 elementor-widget elementor-widget-image\" data-id=\"2d4b3589\" data-element_type=\"widget\" data-e-type=\"widget\" data-widget_type=\"image.default\">\n\t\t\t\t\t\t\t\t\t\t\t\t\t\t\t<img fetchpriority=\"high\" decoding=\"async\" width=\"1024\" height=\"346\" src=\"https:\/\/drangelesesmeral.com\/wp-content\/uploads\/2025\/10\/Dra.-Angeles-Esmeral.-Cirujano-Plastico-en-Medellin-Colombia.-Plastic-Surgeon-in-Medellin-Colombia.-LOGO-1024x346.jpeg\" class=\"attachment-large size-large wp-image-115\" alt=\"Dra. \u00c1ngeles Esmeral. Cirujano Plastico en Medellin Colombia. Plastic Surgeon in Medellin Colombia. LOGO\" srcset=\"https:\/\/drangelesesmeral.com\/wp-content\/uploads\/2025\/10\/Dra.-Angeles-Esmeral.-Cirujano-Plastico-en-Medellin-Colombia.-Plastic-Surgeon-in-Medellin-Colombia.-LOGO-1024x346.jpeg 1024w, https:\/\/drangelesesmeral.com\/wp-content\/uploads\/2025\/10\/Dra.-Angeles-Esmeral.-Cirujano-Plastico-en-Medellin-Colombia.-Plastic-Surgeon-in-Medellin-Colombia.-LOGO-300x102.jpeg 300w, https:\/\/drangelesesmeral.com\/wp-content\/uploads\/2025\/10\/Dra.-Angeles-Esmeral.-Cirujano-Plastico-en-Medellin-Colombia.-Plastic-Surgeon-in-Medellin-Colombia.-LOGO-768x260.jpeg 768w, https:\/\/drangelesesmeral.com\/wp-content\/uploads\/2025\/10\/Dra.-Angeles-Esmeral.-Cirujano-Plastico-en-Medellin-Colombia.-Plastic-Surgeon-in-Medellin-Colombia.-LOGO-1536x520.jpeg 1536w, https:\/\/drangelesesmeral.com\/wp-content\/uploads\/2025\/10\/Dra.-Angeles-Esmeral.-Cirujano-Plastico-en-Medellin-Colombia.-Plastic-Surgeon-in-Medellin-Colombia.-LOGO-18x6.jpeg 18w, https:\/\/drangelesesmeral.com\/wp-content\/uploads\/2025\/10\/Dra.-Angeles-Esmeral.-Cirujano-Plastico-en-Medellin-Colombia.-Plastic-Surgeon-in-Medellin-Colombia.-LOGO.jpeg 1599w\" sizes=\"(max-width: 1024px) 100vw, 1024px\" \/>\t\t\t\t\t\t\t\t\t\t\t\t\t\t\t<\/div>\n\t\t\t\t\t<\/div>\n\t\t\t\t<\/div>\n\t\t<div class=\"elementor-element elementor-element-35fe661 e-flex e-con-boxed e-con e-parent\" data-id=\"35fe661\" data-element_type=\"container\" data-e-type=\"container\" data-settings=\"{&quot;background_background&quot;:&quot;classic&quot;,&quot;_ha_eqh_enable&quot;:false}\">\n\t\t\t\t\t<div class=\"e-con-inner\">\n\t\t\t\t<div class=\"elementor-element elementor-element-43f006a elementor-widget-divider--view-line elementor-widget elementor-widget-divider\" data-id=\"43f006a\" data-element_type=\"widget\" data-e-type=\"widget\" data-widget_type=\"divider.default\">\n\t\t\t\t\t\t\t<div class=\"elementor-divider\">\n\t\t\t<span class=\"elementor-divider-separator\">\n\t\t\t\t\t\t<\/span>\n\t\t<\/div>\n\t\t\t\t\t\t<\/div>\n\t\t\t\t\t<\/div>\n\t\t\t\t<\/div>\n\t\t\t\t<\/div>","protected":false},"excerpt":{"rendered":"<p>\ud83d\udcc5 Agenda tu cita de evaluaci\u00f3n con la Dra. \u00c1ngeles Esmeral \ud83d\udcb0 Costo de la cita con el Dra. \u00c1ngeles Esmeral: $64 d\u00f3lares o 250.000 pesos Colombianos\ud83c\udf10 Tipos de evaluaci\u00f3n: presencial, videollamada (con la doctora)\u00a0 o evaluaci\u00f3n por fotos (WhatsApp)\ud83d\udd52 Duraci\u00f3n: 30 minutos Porfavor Completa El formulario de Contacto<\/p>","protected":false},"author":2,"featured_media":0,"parent":0,"menu_order":0,"comment_status":"closed","ping_status":"closed","template":"elementor_canvas","meta":{"footnotes":""},"class_list":["post-112","page","type-page","status-publish","hentry"],"_hostinger_reach_plugin_has_subscription_block":false,"_hostinger_reach_plugin_is_elementor":false,"_links":{"self":[{"href":"https:\/\/drangelesesmeral.com\/en\/wp-json\/wp\/v2\/pages\/112","targetHints":{"allow":["GET"]}}],"collection":[{"href":"https:\/\/drangelesesmeral.com\/en\/wp-json\/wp\/v2\/pages"}],"about":[{"href":"https:\/\/drangelesesmeral.com\/en\/wp-json\/wp\/v2\/types\/page"}],"author":[{"embeddable":true,"href":"https:\/\/drangelesesmeral.com\/en\/wp-json\/wp\/v2\/users\/2"}],"replies":[{"embeddable":true,"href":"https:\/\/drangelesesmeral.com\/en\/wp-json\/wp\/v2\/comments?post=112"}],"version-history":[{"count":20,"href":"https:\/\/drangelesesmeral.com\/en\/wp-json\/wp\/v2\/pages\/112\/revisions"}],"predecessor-version":[{"id":458,"href":"https:\/\/drangelesesmeral.com\/en\/wp-json\/wp\/v2\/pages\/112\/revisions\/458"}],"wp:attachment":[{"href":"https:\/\/drangelesesmeral.com\/en\/wp-json\/wp\/v2\/media?parent=112"}],"curies":[{"name":"wp","href":"https:\/\/api.w.org\/{rel}","templated":true}]}}